{"id":11565,"date":"2024-05-09T18:14:38","date_gmt":"2024-05-09T16:14:38","guid":{"rendered":"https:\/\/www.kendafarben.com\/?page_id=11565"},"modified":"2025-09-17T13:35:20","modified_gmt":"2025-09-17T11:35:20","slug":"certificazioni","status":"publish","type":"page","link":"https:\/\/www.kendafarben.com\/it\/certificazioni\/","title":{"rendered":"Certificazioni"},"content":{"rendered":"\t\t<div data-elementor-type=\"wp-page\" data-elementor-id=\"11565\" class=\"elementor elementor-11565\">\n\t\t\t\t\t\t<section class=\"elementor-section elementor-top-section elementor-element elementor-element-f9dcfcb elementor-section-full_width qodef-elementor-content-grid elementor-section-height-default elementor-section-height-default\" data-id=\"f9dcfcb\" data-element_type=\"section\">\n\t\t\t\t\t\t<div class=\"elementor-container elementor-column-gap-default\">\n\t\t\t\t\t<div class=\"elementor-column elementor-col-100 elementor-top-column elementor-element elementor-element-6524877\" data-id=\"6524877\" data-element_type=\"column\">\n\t\t\t<div class=\"elementor-widget-wrap elementor-element-populated\">\n\t\t\t\t\t\t<div class=\"elementor-element elementor-element-2f2ba4b elementor-widget__width-inherit elementor-widget elementor-widget-cuthbert_core_single_image\" data-id=\"2f2ba4b\" data-element_type=\"widget\" data-settings=\"{&quot;_animation&quot;:&quot;none&quot;}\" data-widget_type=\"cuthbert_core_single_image.default\">\n\t\t\t\t<div class=\"elementor-widget-container\">\n\t\t\t\t\t<div class=\"qodef-shortcode qodef-m  qodef-single-image qodef-layout--default     \" >\r\n\t\t\t<div class=\"qodef-m-image\">\r\n\t\t\t\t\t\t\t\t<img fetchpriority=\"high\" decoding=\"async\" width=\"1300\" height=\"650\" src=\"https:\/\/www.kendafarben.com\/wp-content\/uploads\/2024\/11\/certificazioni_1_foto5.jpg\" class=\"attachment-cuthbert_core_image_size_landscape size-cuthbert_core_image_size_landscape\" alt=\"\" srcset=\"https:\/\/www.kendafarben.com\/wp-content\/uploads\/2024\/11\/certificazioni_1_foto5.jpg 1300w, https:\/\/www.kendafarben.com\/wp-content\/uploads\/2024\/11\/certificazioni_1_foto5-300x150.jpg 300w, https:\/\/www.kendafarben.com\/wp-content\/uploads\/2024\/11\/certificazioni_1_foto5-1024x512.jpg 1024w, https:\/\/www.kendafarben.com\/wp-content\/uploads\/2024\/11\/certificazioni_1_foto5-768x384.jpg 768w\" sizes=\"(max-width: 1300px) 100vw, 1300px\" \/>\t\t\t\t\t\t\t<\/div>\r\n\t<\/div>\r\n\t\t\t\t<\/div>\n\t\t\t\t<\/div>\n\t\t\t\t<div class=\"elementor-element elementor-element-d9aa469 elementor-widget__width-initial elementor-widget elementor-widget-cuthbert_core_section_title\" data-id=\"d9aa469\" data-element_type=\"widget\" data-widget_type=\"cuthbert_core_section_title.default\">\n\t\t\t\t<div class=\"elementor-widget-container\">\n\t\t\t\t\t<div class=\"qodef-shortcode qodef-m  qodef-section-title qodef-alignment--left \">\r\n\t\t<h1 class=\"qodef-m-title\" >\r\n\t\t\t\t\tCertificazioni: un vantaggio competitivo a garanzia del cliente\t\t\t<\/h1>\r\n\t\t<\/div>\r\n\t\t\t\t<\/div>\n\t\t\t\t<\/div>\n\t\t\t\t<div class=\"elementor-element elementor-element-71d442c elementor-widget elementor-widget-text-editor\" data-id=\"71d442c\" data-element_type=\"widget\" data-widget_type=\"text-editor.default\">\n\t\t\t\t<div class=\"elementor-widget-container\">\n\t\t\t\t\t\t\t\t\t<h4>UNI EN ISO 9001: 2015<\/h4><p>Definisce i requisiti per un sistema di gestione della qualit\u00e0 efficace (SGQ). Certificarsi secondo questa norma significa dimostrare la capacit\u00e0 di fornire prodotti o servizi che soddisfano costantemente i requisiti della qualit\u00e0 mirando a un continuo miglioramento per la soddisfazione del cliente.<\/p>\t\t\t\t\t\t\t\t<\/div>\n\t\t\t\t<\/div>\n\t\t\t\t<div class=\"elementor-element elementor-element-b669451 elementor-widget elementor-widget-cuthbert_core_button\" data-id=\"b669451\" data-element_type=\"widget\" data-widget_type=\"cuthbert_core_button.default\">\n\t\t\t\t<div class=\"elementor-widget-container\">\n\t\t\t\t\t<a class=\"qodef-shortcode qodef-m  qodef-button qodef-layout--filled  qodef-html--link\" href=\"\/wp-content\/uploads\/2025\/02\/politica-qualita.pdf\" target=\"_blank\"  >\r\n\t<span class=\"qodef-m-text\">Politica della qualit\u00e0<\/span>\r\n<\/a>\r\n\t\t\t\t<\/div>\n\t\t\t\t<\/div>\n\t\t\t\t<div class=\"elementor-element elementor-element-7d07e73 elementor-widget elementor-widget-text-editor\" data-id=\"7d07e73\" data-element_type=\"widget\" data-widget_type=\"text-editor.default\">\n\t\t\t\t<div class=\"elementor-widget-container\">\n\t\t\t\t\t\t\t\t\t<h4>ZDHC LIVELLO 3 E ALTRI CAPITOLATI<\/h4><p>Operante nel settore della chimica, Kenda Farben \u00e8 costantemente impegnata nella ricerca e sviluppo di soluzioni innovative e rispettose dell\u2019ambiente. Kenda Farben ha sviluppato una serie di formulazioni che garantiscono la conformit\u00e0 dei propri prodotti <strong>ai principali capitolati di settore<\/strong>. L\u2019adesione nel 2023 al Gateway ZDHC e l\u2019ottenimento della certificazione <strong>ZDHC livello 3 a settembre 2024<\/strong> rappresentano un ulteriore passo avanti nel percorso di Kenda Farben verso una produzione sempre pi\u00f9 sostenibile e responsabile.<\/p>\t\t\t\t\t\t\t\t<\/div>\n\t\t\t\t<\/div>\n\t\t\t\t<div class=\"elementor-element elementor-element-ebeabf4 elementor-widget elementor-widget-text-editor\" data-id=\"ebeabf4\" data-element_type=\"widget\" data-widget_type=\"text-editor.default\">\n\t\t\t\t<div class=\"elementor-widget-container\">\n\t\t\t\t\t\t\t\t\t<h4>PRODOTTI VEGANI<\/h4><p>Kenda Farben certifica che nessuna sostanza di origine animale \u00e8 utilizzata nella fabbricazione dei propri prodotti. Questo riflette l\u2019impegno di una produzione rispettosa e consapevole del proprio ruolo nel plasmare un futuro pi\u00f9 sostenibile.<\/p>\t\t\t\t\t\t\t\t<\/div>\n\t\t\t\t<\/div>\n\t\t\t\t\t<\/div>\n\t\t<\/div>\n\t\t\t\t\t<\/div>\n\t\t<\/section>\n\t\t\t\t<\/div>\n\t\t","protected":false},"excerpt":{"rendered":"<p>Certificazioni: un vantaggio competitivo a garanzia del cliente UNI EN ISO 9001: 2015 Definisce i requisiti per un sistema di gestione della qualit\u00e0 efficace (SGQ). Certificarsi secondo questa norma significa dimostrare la capacit\u00e0 di fornire prodotti o servizi che soddisfano costantemente i requisiti della qualit\u00e0 mirando a un continuo miglioramento per la soddisfazione del cliente. [&hellip;]<\/p>\n","protected":false},"author":1,"featured_media":0,"parent":0,"menu_order":0,"comment_status":"closed","ping_status":"closed","template":"page-full-width.php","meta":{"footnotes":""},"class_list":["post-11565","page","type-page","status-publish","hentry"],"yoast_head":"<!-- This site is optimized with the Yoast SEO plugin v25.6 - https:\/\/yoast.com\/wordpress\/plugins\/seo\/ -->\n<title>Certificazioni - Kenda<\/title>\n<meta name=\"robots\" content=\"index, follow, max-snippet:-1, max-image-preview:large, max-video-preview:-1\" \/>\n<link rel=\"canonical\" href=\"https:\/\/www.kendafarben.com\/it\/certificazioni\/\" \/>\n<script type=\"application\/ld+json\" class=\"yoast-schema-graph\">{\"@context\":\"https:\/\/schema.org\",\"@graph\":[{\"@type\":\"WebPage\",\"@id\":\"https:\/\/www.kendafarben.com\/it\/certificazioni\/\",\"url\":\"https:\/\/www.kendafarben.com\/it\/certificazioni\/\",\"name\":\"Certificazioni - Kenda\",\"isPartOf\":{\"@id\":\"https:\/\/www.kendafarben.com\/it\/#website\"},\"primaryImageOfPage\":{\"@id\":\"https:\/\/www.kendafarben.com\/it\/certificazioni\/#primaryimage\"},\"image\":{\"@id\":\"https:\/\/www.kendafarben.com\/it\/certificazioni\/#primaryimage\"},\"thumbnailUrl\":\"https:\/\/www.kendafarben.com\/wp-content\/uploads\/2024\/11\/certificazioni_1_foto5.jpg\",\"datePublished\":\"2024-05-09T16:14:38+00:00\",\"dateModified\":\"2025-09-17T11:35:20+00:00\",\"breadcrumb\":{\"@id\":\"https:\/\/www.kendafarben.com\/it\/certificazioni\/#breadcrumb\"},\"inLanguage\":\"it-IT\",\"potentialAction\":[{\"@type\":\"ReadAction\",\"target\":[\"https:\/\/www.kendafarben.com\/it\/certificazioni\/\"]}]},{\"@type\":\"ImageObject\",\"inLanguage\":\"it-IT\",\"@id\":\"https:\/\/www.kendafarben.com\/it\/certificazioni\/#primaryimage\",\"url\":\"https:\/\/www.kendafarben.com\/wp-content\/uploads\/2024\/11\/certificazioni_1_foto5.jpg\",\"contentUrl\":\"https:\/\/www.kendafarben.com\/wp-content\/uploads\/2024\/11\/certificazioni_1_foto5.jpg\"},{\"@type\":\"BreadcrumbList\",\"@id\":\"https:\/\/www.kendafarben.com\/it\/certificazioni\/#breadcrumb\",\"itemListElement\":[{\"@type\":\"ListItem\",\"position\":1,\"name\":\"Casa\",\"item\":\"https:\/\/www.kendafarben.com\/it\/\"},{\"@type\":\"ListItem\",\"position\":2,\"name\":\"Certificazioni\"}]},{\"@type\":\"WebSite\",\"@id\":\"https:\/\/www.kendafarben.com\/it\/#website\",\"url\":\"https:\/\/www.kendafarben.com\/it\/\",\"name\":\"Kenda Farben\",\"description\":\"\",\"publisher\":{\"@id\":\"https:\/\/www.kendafarben.com\/it\/#organization\"},\"potentialAction\":[{\"@type\":\"SearchAction\",\"target\":{\"@type\":\"EntryPoint\",\"urlTemplate\":\"https:\/\/www.kendafarben.com\/it\/?s={search_term_string}\"},\"query-input\":{\"@type\":\"PropertyValueSpecification\",\"valueRequired\":true,\"valueName\":\"search_term_string\"}}],\"inLanguage\":\"it-IT\"},{\"@type\":\"Organization\",\"@id\":\"https:\/\/www.kendafarben.com\/it\/#organization\",\"name\":\"Kenda Farben\",\"url\":\"https:\/\/www.kendafarben.com\/it\/\",\"logo\":{\"@type\":\"ImageObject\",\"inLanguage\":\"it-IT\",\"@id\":\"https:\/\/www.kendafarben.com\/it\/#\/schema\/logo\/image\/\",\"url\":\"http:\/\/www.kendafarben.com\/wp-content\/uploads\/2024\/05\/logo-kenda-farben.png\",\"contentUrl\":\"http:\/\/www.kendafarben.com\/wp-content\/uploads\/2024\/05\/logo-kenda-farben.png\",\"width\":739,\"height\":300,\"caption\":\"Kenda Farben\"},\"image\":{\"@id\":\"https:\/\/www.kendafarben.com\/it\/#\/schema\/logo\/image\/\"}}]}<\/script>\n<!-- \/ Yoast SEO plugin. -->","yoast_head_json":{"title":"Certificazioni - Kenda","robots":{"index":"index","follow":"follow","max-snippet":"max-snippet:-1","max-image-preview":"max-image-preview:large","max-video-preview":"max-video-preview:-1"},"canonical":"https:\/\/www.kendafarben.com\/it\/certificazioni\/","schema":{"@context":"https:\/\/schema.org","@graph":[{"@type":"WebPage","@id":"https:\/\/www.kendafarben.com\/it\/certificazioni\/","url":"https:\/\/www.kendafarben.com\/it\/certificazioni\/","name":"Certificazioni - Kenda","isPartOf":{"@id":"https:\/\/www.kendafarben.com\/it\/#website"},"primaryImageOfPage":{"@id":"https:\/\/www.kendafarben.com\/it\/certificazioni\/#primaryimage"},"image":{"@id":"https:\/\/www.kendafarben.com\/it\/certificazioni\/#primaryimage"},"thumbnailUrl":"https:\/\/www.kendafarben.com\/wp-content\/uploads\/2024\/11\/certificazioni_1_foto5.jpg","datePublished":"2024-05-09T16:14:38+00:00","dateModified":"2025-09-17T11:35:20+00:00","breadcrumb":{"@id":"https:\/\/www.kendafarben.com\/it\/certificazioni\/#breadcrumb"},"inLanguage":"it-IT","potentialAction":[{"@type":"ReadAction","target":["https:\/\/www.kendafarben.com\/it\/certificazioni\/"]}]},{"@type":"ImageObject","inLanguage":"it-IT","@id":"https:\/\/www.kendafarben.com\/it\/certificazioni\/#primaryimage","url":"https:\/\/www.kendafarben.com\/wp-content\/uploads\/2024\/11\/certificazioni_1_foto5.jpg","contentUrl":"https:\/\/www.kendafarben.com\/wp-content\/uploads\/2024\/11\/certificazioni_1_foto5.jpg"},{"@type":"BreadcrumbList","@id":"https:\/\/www.kendafarben.com\/it\/certificazioni\/#breadcrumb","itemListElement":[{"@type":"ListItem","position":1,"name":"Casa","item":"https:\/\/www.kendafarben.com\/it\/"},{"@type":"ListItem","position":2,"name":"Certificazioni"}]},{"@type":"WebSite","@id":"https:\/\/www.kendafarben.com\/it\/#website","url":"https:\/\/www.kendafarben.com\/it\/","name":"Kenda Farben","description":"","publisher":{"@id":"https:\/\/www.kendafarben.com\/it\/#organization"},"potentialAction":[{"@type":"SearchAction","target":{"@type":"EntryPoint","urlTemplate":"https:\/\/www.kendafarben.com\/it\/?s={search_term_string}"},"query-input":{"@type":"PropertyValueSpecification","valueRequired":true,"valueName":"search_term_string"}}],"inLanguage":"it-IT"},{"@type":"Organization","@id":"https:\/\/www.kendafarben.com\/it\/#organization","name":"Kenda Farben","url":"https:\/\/www.kendafarben.com\/it\/","logo":{"@type":"ImageObject","inLanguage":"it-IT","@id":"https:\/\/www.kendafarben.com\/it\/#\/schema\/logo\/image\/","url":"http:\/\/www.kendafarben.com\/wp-content\/uploads\/2024\/05\/logo-kenda-farben.png","contentUrl":"http:\/\/www.kendafarben.com\/wp-content\/uploads\/2024\/05\/logo-kenda-farben.png","width":739,"height":300,"caption":"Kenda Farben"},"image":{"@id":"https:\/\/www.kendafarben.com\/it\/#\/schema\/logo\/image\/"}}]}},"meta_box":[],"_links":{"self":[{"href":"https:\/\/www.kendafarben.com\/it\/wp-json\/wp\/v2\/pages\/11565","targetHints":{"allow":["GET"]}}],"collection":[{"href":"https:\/\/www.kendafarben.com\/it\/wp-json\/wp\/v2\/pages"}],"about":[{"href":"https:\/\/www.kendafarben.com\/it\/wp-json\/wp\/v2\/types\/page"}],"author":[{"embeddable":true,"href":"https:\/\/www.kendafarben.com\/it\/wp-json\/wp\/v2\/users\/1"}],"replies":[{"embeddable":true,"href":"https:\/\/www.kendafarben.com\/it\/wp-json\/wp\/v2\/comments?post=11565"}],"version-history":[{"count":40,"href":"https:\/\/www.kendafarben.com\/it\/wp-json\/wp\/v2\/pages\/11565\/revisions"}],"predecessor-version":[{"id":16425,"href":"https:\/\/www.kendafarben.com\/it\/wp-json\/wp\/v2\/pages\/11565\/revisions\/16425"}],"wp:attachment":[{"href":"https:\/\/www.kendafarben.com\/it\/wp-json\/wp\/v2\/media?parent=11565"}],"curies":[{"name":"wp","href":"https:\/\/api.w.org\/{rel}","templated":true}]}}