{"id":11499,"date":"2024-05-09T16:57:48","date_gmt":"2024-05-09T14:57:48","guid":{"rendered":"https:\/\/www.kendafarben.com\/?page_id=11499"},"modified":"2025-02-12T18:10:08","modified_gmt":"2025-02-12T17:10:08","slug":"storia","status":"publish","type":"page","link":"https:\/\/www.kendafarben.com\/it\/storia\/","title":{"rendered":"Storia"},"content":{"rendered":"\t\t<div data-elementor-type=\"wp-page\" data-elementor-id=\"11499\" class=\"elementor elementor-11499\">\n\t\t\t\t\t\t<section class=\"elementor-section elementor-top-section elementor-element elementor-element-9958938 elementor-section-full_width qodef-elementor-content-grid elementor-section-height-default elementor-section-height-default\" data-id=\"9958938\" data-element_type=\"section\">\n\t\t\t\t\t\t<div class=\"elementor-container elementor-column-gap-default\">\n\t\t\t\t\t<div class=\"elementor-column elementor-col-100 elementor-top-column elementor-element elementor-element-eebbc95\" data-id=\"eebbc95\" data-element_type=\"column\">\n\t\t\t<div class=\"elementor-widget-wrap elementor-element-populated\">\n\t\t\t\t\t\t<div class=\"elementor-element elementor-element-2f2ba4b elementor-widget__width-inherit elementor-widget-mobile__width-inherit elementor-widget elementor-widget-cuthbert_core_single_image\" data-id=\"2f2ba4b\" data-element_type=\"widget\" data-settings=\"{&quot;_animation&quot;:&quot;none&quot;}\" data-widget_type=\"cuthbert_core_single_image.default\">\n\t\t\t\t<div class=\"elementor-widget-container\">\n\t\t\t\t\t<div class=\"qodef-shortcode qodef-m  qodef-single-image qodef-layout--default     \" >\r\n\t\t\t<div class=\"qodef-m-image\">\r\n\t\t\t\t\t\t\t\t<img fetchpriority=\"high\" decoding=\"async\" width=\"1300\" height=\"650\" src=\"https:\/\/www.kendafarben.com\/wp-content\/uploads\/2024\/11\/chisiamo_famiglia_TAG5712.jpg\" class=\"attachment-cuthbert_core_image_size_landscape size-cuthbert_core_image_size_landscape\" alt=\"\" srcset=\"https:\/\/www.kendafarben.com\/wp-content\/uploads\/2024\/11\/chisiamo_famiglia_TAG5712.jpg 1300w, https:\/\/www.kendafarben.com\/wp-content\/uploads\/2024\/11\/chisiamo_famiglia_TAG5712-300x150.jpg 300w, https:\/\/www.kendafarben.com\/wp-content\/uploads\/2024\/11\/chisiamo_famiglia_TAG5712-1024x512.jpg 1024w, https:\/\/www.kendafarben.com\/wp-content\/uploads\/2024\/11\/chisiamo_famiglia_TAG5712-768x384.jpg 768w\" sizes=\"(max-width: 1300px) 100vw, 1300px\" \/>\t\t\t\t\t\t\t<\/div>\r\n\t<\/div>\r\n\t\t\t\t<\/div>\n\t\t\t\t<\/div>\n\t\t\t\t\t<\/div>\n\t\t<\/div>\n\t\t\t\t\t<\/div>\n\t\t<\/section>\n\t\t\t\t<section class=\"elementor-section elementor-top-section elementor-element elementor-element-f9dcfcb elementor-section-full_width qodef-elementor-content-grid elementor-section-height-default elementor-section-height-default\" data-id=\"f9dcfcb\" data-element_type=\"section\">\n\t\t\t\t\t\t<div class=\"elementor-container elementor-column-gap-default\">\n\t\t\t\t\t<div class=\"elementor-column elementor-col-100 elementor-top-column elementor-element elementor-element-6524877\" data-id=\"6524877\" data-element_type=\"column\">\n\t\t\t<div class=\"elementor-widget-wrap elementor-element-populated\">\n\t\t\t\t\t\t<div class=\"elementor-element elementor-element-d9aa469 elementor-widget__width-initial elementor-widget elementor-widget-cuthbert_core_section_title\" data-id=\"d9aa469\" data-element_type=\"widget\" data-widget_type=\"cuthbert_core_section_title.default\">\n\t\t\t\t<div class=\"elementor-widget-container\">\n\t\t\t\t\t<div class=\"qodef-shortcode qodef-m  qodef-section-title qodef-alignment--left \">\r\n\t\t<h1 class=\"qodef-m-title\" >\r\n\t\t\t\t\tPionieri nell'industria chimica della calzatura italiana\t\t\t<\/h1>\r\n\t\t<\/div>\r\n\t\t\t\t<\/div>\n\t\t\t\t<\/div>\n\t\t\t\t<div class=\"elementor-element elementor-element-71d442c elementor-widget elementor-widget-text-editor\" data-id=\"71d442c\" data-element_type=\"widget\" data-widget_type=\"text-editor.default\">\n\t\t\t\t<div class=\"elementor-widget-container\">\n\t\t\t\t\t\t\t\t\t<p>Nata nel <strong>1963<\/strong>, in piena espansione industriale italiana, Kenda Farben \u00e8 stata fondata da Danilo Barbic e Giuseppe Tipa con l\u2019obiettivo di fornire prodotti chimici innovativi al fiorente settore calzaturiero. La scelta di stabilire l\u2019azienda a Garlasco, vicino al cuore della produzione calzaturiera di <strong>Vigevano<\/strong>, si \u00e8 rivelata strategica, consentendo un rapido sviluppo e una profonda conoscenza delle esigenze del mercato.<\/p><p>Sin dall\u2019inizio, Kenda Farben si \u00e8 distinta sia per l\u2019alta qualit\u00e0 dei suoi prodotti, guadagnandosi rapidamente la fiducia dei clienti, che per l\u2019attenzione allo sviluppo di nuove soluzioni, soddisfacendo le esigenze di un settore in continua evoluzione.<\/p>\t\t\t\t\t\t\t\t<\/div>\n\t\t\t\t<\/div>\n\t\t\t\t<div class=\"elementor-element elementor-element-6f38936 elementor-widget__width-initial elementor-widget elementor-widget-cuthbert_core_single_image\" data-id=\"6f38936\" data-element_type=\"widget\" data-settings=\"{&quot;_animation&quot;:&quot;none&quot;}\" data-widget_type=\"cuthbert_core_single_image.default\">\n\t\t\t\t<div class=\"elementor-widget-container\">\n\t\t\t\t\t<div class=\"qodef-shortcode qodef-m  qodef-single-image qodef-layout--default     \" >\r\n\t\t\t<div class=\"qodef-m-image\">\r\n\t\t\t\t\t\t\t\t<img decoding=\"async\" width=\"1300\" height=\"650\" data-src=\"https:\/\/www.kendafarben.com\/wp-content\/uploads\/2024\/11\/storia_2_facciata-macchine-1300x650.jpg\" class=\"attachment-cuthbert_core_image_size_landscape size-cuthbert_core_image_size_landscape lazyload\" alt=\"\" src=\"data:image\/svg+xml;base64,PHN2ZyB3aWR0aD0iMSIgaGVpZ2h0PSIxIiB4bWxucz0iaHR0cDovL3d3dy53My5vcmcvMjAwMC9zdmciPjwvc3ZnPg==\" style=\"--smush-placeholder-width: 1300px; --smush-placeholder-aspect-ratio: 1300\/650;\" \/>\t\t\t\t\t\t\t<\/div>\r\n\t<\/div>\r\n\t\t\t\t<\/div>\n\t\t\t\t<\/div>\n\t\t\t\t<div class=\"elementor-element elementor-element-ea3683e elementor-widget elementor-widget-text-editor\" data-id=\"ea3683e\" data-element_type=\"widget\" data-widget_type=\"text-editor.default\">\n\t\t\t\t<div class=\"elementor-widget-container\">\n\t\t\t\t\t\t\t\t\t<p>Negli anni \u201870, Kenda Farben ha intuito l\u2019importanza di <strong>espandere<\/strong> i propri orizzonti oltre i confini nazionali. Partecipando attivamente a fiere internazionali e stringendo solide partnership con distributori esteri, l\u2019azienda ha gradualmente consolidato la sua presenza sui mercati globali. Oggi, circa il 70% del fatturato totale di Kenda Farben proviene dall\u2019export, a testimonianza del successo di questa strategia.<\/p><p>Inoltre, per rafforzare ulteriormente la propria <strong>presenza internazionale<\/strong>, l\u2019azienda ha creato diverse filiali in tutto il mondo, tra cui Cina, Serbia, India, Vietnam e Cambogia.<\/p><p>Kenda Farben ha puntato anche sulla <strong>diversificazione<\/strong> per diventare un player ancora pi\u00f9 forte nel settore delle calzature e della pelletteria di alta qualit\u00e0, garantendo ai propri clienti prodotti funzionali e affidabili. Negli anni 7 societ\u00e0 sono entrate a far parte del gruppo. Questa scelta ha permesso di ampliare significativamente l\u2019offerta e raggiungere un pubblico pi\u00f9 vasto.<\/p><p><strong>Oggi, Kenda Farben \u00e8 un simbolo dell\u2019italianit\u00e0 nel mondo della chimica per la calzatura, la pelletteria, l\u2019automotive, la nautica e l\u2019arredamento. <\/strong><\/p><p>Riconosciuta a livello <strong>internazionale<\/strong> per l\u2019innovazione e la sostenibilit\u00e0, l\u2019azienda offre una gamma completa di soluzioni chimiche, da <strong>prodotti di finissaggio<\/strong> come <strong>colori, vernici, lucidi e creme a adesivi ad alte prestazioni<\/strong>. Guidata dalla passione per la qualit\u00e0 e dal rispetto per l\u2019ambiente, l\u2019azienda sviluppa soluzioni chimiche all\u2019avanguardia, in grado di coniugare performance elevate e un basso impatto ambientale, e offre ai clienti un <strong>supporto tecnico completo e personalizzato<\/strong>, contribuendo alla valorizzazione del <strong>\u201csaper fare italiano\u201d<\/strong> nel mondo.<\/p>\t\t\t\t\t\t\t\t<\/div>\n\t\t\t\t<\/div>\n\t\t\t\t<div class=\"elementor-element elementor-element-d39bc62 elementor-widget__width-initial elementor-widget elementor-widget-cuthbert_core_single_image\" data-id=\"d39bc62\" data-element_type=\"widget\" data-settings=\"{&quot;_animation&quot;:&quot;none&quot;}\" data-widget_type=\"cuthbert_core_single_image.default\">\n\t\t\t\t<div class=\"elementor-widget-container\">\n\t\t\t\t\t<div class=\"qodef-shortcode qodef-m  qodef-single-image qodef-layout--default     \" >\r\n\t\t\t<div class=\"qodef-m-image\">\r\n\t\t\t\t\t\t\t\t<img decoding=\"async\" width=\"1300\" height=\"650\" data-src=\"https:\/\/www.kendafarben.com\/wp-content\/uploads\/2024\/11\/storia_3_nuovi-uffici-1300x650.jpg\" class=\"attachment-cuthbert_core_image_size_landscape size-cuthbert_core_image_size_landscape lazyload\" alt=\"\" src=\"data:image\/svg+xml;base64,PHN2ZyB3aWR0aD0iMSIgaGVpZ2h0PSIxIiB4bWxucz0iaHR0cDovL3d3dy53My5vcmcvMjAwMC9zdmciPjwvc3ZnPg==\" style=\"--smush-placeholder-width: 1300px; --smush-placeholder-aspect-ratio: 1300\/650;\" \/>\t\t\t\t\t\t\t<\/div>\r\n\t<\/div>\r\n\t\t\t\t<\/div>\n\t\t\t\t<\/div>\n\t\t\t\t\t<\/div>\n\t\t<\/div>\n\t\t\t\t\t<\/div>\n\t\t<\/section>\n\t\t\t\t<\/div>\n\t\t","protected":false},"excerpt":{"rendered":"<p>Pionieri nell&#8217;industria chimica della calzatura italiana Nata nel 1963, in piena espansione industriale italiana, Kenda Farben \u00e8 stata fondata da Danilo Barbic e Giuseppe Tipa con l\u2019obiettivo di fornire prodotti chimici innovativi al fiorente settore calzaturiero. La scelta di stabilire l\u2019azienda a Garlasco, vicino al cuore della produzione calzaturiera di Vigevano, si \u00e8 rivelata strategica, [&hellip;]<\/p>\n","protected":false},"author":1,"featured_media":0,"parent":0,"menu_order":0,"comment_status":"closed","ping_status":"closed","template":"page-full-width.php","meta":{"footnotes":""},"class_list":["post-11499","page","type-page","status-publish","hentry"],"yoast_head":"<!-- This site is optimized with the Yoast SEO plugin v25.6 - https:\/\/yoast.com\/wordpress\/plugins\/seo\/ -->\n<title>Storia - Kenda<\/title>\n<meta name=\"robots\" content=\"index, follow, max-snippet:-1, max-image-preview:large, max-video-preview:-1\" \/>\n<link rel=\"canonical\" href=\"https:\/\/www.kendafarben.com\/it\/storia\/\" \/>\n<script type=\"application\/ld+json\" class=\"yoast-schema-graph\">{\"@context\":\"https:\/\/schema.org\",\"@graph\":[{\"@type\":\"WebPage\",\"@id\":\"https:\/\/www.kendafarben.com\/it\/storia\/\",\"url\":\"https:\/\/www.kendafarben.com\/it\/storia\/\",\"name\":\"Storia - Kenda\",\"isPartOf\":{\"@id\":\"https:\/\/www.kendafarben.com\/it\/#website\"},\"primaryImageOfPage\":{\"@id\":\"https:\/\/www.kendafarben.com\/it\/storia\/#primaryimage\"},\"image\":{\"@id\":\"https:\/\/www.kendafarben.com\/it\/storia\/#primaryimage\"},\"thumbnailUrl\":\"https:\/\/www.kendafarben.com\/wp-content\/uploads\/2024\/11\/chisiamo_famiglia_TAG5712.jpg\",\"datePublished\":\"2024-05-09T14:57:48+00:00\",\"dateModified\":\"2025-02-12T17:10:08+00:00\",\"breadcrumb\":{\"@id\":\"https:\/\/www.kendafarben.com\/it\/storia\/#breadcrumb\"},\"inLanguage\":\"it-IT\",\"potentialAction\":[{\"@type\":\"ReadAction\",\"target\":[\"https:\/\/www.kendafarben.com\/it\/storia\/\"]}]},{\"@type\":\"ImageObject\",\"inLanguage\":\"it-IT\",\"@id\":\"https:\/\/www.kendafarben.com\/it\/storia\/#primaryimage\",\"url\":\"https:\/\/www.kendafarben.com\/wp-content\/uploads\/2024\/11\/chisiamo_famiglia_TAG5712.jpg\",\"contentUrl\":\"https:\/\/www.kendafarben.com\/wp-content\/uploads\/2024\/11\/chisiamo_famiglia_TAG5712.jpg\"},{\"@type\":\"BreadcrumbList\",\"@id\":\"https:\/\/www.kendafarben.com\/it\/storia\/#breadcrumb\",\"itemListElement\":[{\"@type\":\"ListItem\",\"position\":1,\"name\":\"Casa\",\"item\":\"https:\/\/www.kendafarben.com\/it\/\"},{\"@type\":\"ListItem\",\"position\":2,\"name\":\"Storia\"}]},{\"@type\":\"WebSite\",\"@id\":\"https:\/\/www.kendafarben.com\/it\/#website\",\"url\":\"https:\/\/www.kendafarben.com\/it\/\",\"name\":\"Kenda Farben\",\"description\":\"\",\"publisher\":{\"@id\":\"https:\/\/www.kendafarben.com\/it\/#organization\"},\"potentialAction\":[{\"@type\":\"SearchAction\",\"target\":{\"@type\":\"EntryPoint\",\"urlTemplate\":\"https:\/\/www.kendafarben.com\/it\/?s={search_term_string}\"},\"query-input\":{\"@type\":\"PropertyValueSpecification\",\"valueRequired\":true,\"valueName\":\"search_term_string\"}}],\"inLanguage\":\"it-IT\"},{\"@type\":\"Organization\",\"@id\":\"https:\/\/www.kendafarben.com\/it\/#organization\",\"name\":\"Kenda Farben\",\"url\":\"https:\/\/www.kendafarben.com\/it\/\",\"logo\":{\"@type\":\"ImageObject\",\"inLanguage\":\"it-IT\",\"@id\":\"https:\/\/www.kendafarben.com\/it\/#\/schema\/logo\/image\/\",\"url\":\"http:\/\/www.kendafarben.com\/wp-content\/uploads\/2024\/05\/logo-kenda-farben.png\",\"contentUrl\":\"http:\/\/www.kendafarben.com\/wp-content\/uploads\/2024\/05\/logo-kenda-farben.png\",\"width\":739,\"height\":300,\"caption\":\"Kenda Farben\"},\"image\":{\"@id\":\"https:\/\/www.kendafarben.com\/it\/#\/schema\/logo\/image\/\"}}]}<\/script>\n<!-- \/ Yoast SEO plugin. -->","yoast_head_json":{"title":"Storia - Kenda","robots":{"index":"index","follow":"follow","max-snippet":"max-snippet:-1","max-image-preview":"max-image-preview:large","max-video-preview":"max-video-preview:-1"},"canonical":"https:\/\/www.kendafarben.com\/it\/storia\/","schema":{"@context":"https:\/\/schema.org","@graph":[{"@type":"WebPage","@id":"https:\/\/www.kendafarben.com\/it\/storia\/","url":"https:\/\/www.kendafarben.com\/it\/storia\/","name":"Storia - Kenda","isPartOf":{"@id":"https:\/\/www.kendafarben.com\/it\/#website"},"primaryImageOfPage":{"@id":"https:\/\/www.kendafarben.com\/it\/storia\/#primaryimage"},"image":{"@id":"https:\/\/www.kendafarben.com\/it\/storia\/#primaryimage"},"thumbnailUrl":"https:\/\/www.kendafarben.com\/wp-content\/uploads\/2024\/11\/chisiamo_famiglia_TAG5712.jpg","datePublished":"2024-05-09T14:57:48+00:00","dateModified":"2025-02-12T17:10:08+00:00","breadcrumb":{"@id":"https:\/\/www.kendafarben.com\/it\/storia\/#breadcrumb"},"inLanguage":"it-IT","potentialAction":[{"@type":"ReadAction","target":["https:\/\/www.kendafarben.com\/it\/storia\/"]}]},{"@type":"ImageObject","inLanguage":"it-IT","@id":"https:\/\/www.kendafarben.com\/it\/storia\/#primaryimage","url":"https:\/\/www.kendafarben.com\/wp-content\/uploads\/2024\/11\/chisiamo_famiglia_TAG5712.jpg","contentUrl":"https:\/\/www.kendafarben.com\/wp-content\/uploads\/2024\/11\/chisiamo_famiglia_TAG5712.jpg"},{"@type":"BreadcrumbList","@id":"https:\/\/www.kendafarben.com\/it\/storia\/#breadcrumb","itemListElement":[{"@type":"ListItem","position":1,"name":"Casa","item":"https:\/\/www.kendafarben.com\/it\/"},{"@type":"ListItem","position":2,"name":"Storia"}]},{"@type":"WebSite","@id":"https:\/\/www.kendafarben.com\/it\/#website","url":"https:\/\/www.kendafarben.com\/it\/","name":"Kenda Farben","description":"","publisher":{"@id":"https:\/\/www.kendafarben.com\/it\/#organization"},"potentialAction":[{"@type":"SearchAction","target":{"@type":"EntryPoint","urlTemplate":"https:\/\/www.kendafarben.com\/it\/?s={search_term_string}"},"query-input":{"@type":"PropertyValueSpecification","valueRequired":true,"valueName":"search_term_string"}}],"inLanguage":"it-IT"},{"@type":"Organization","@id":"https:\/\/www.kendafarben.com\/it\/#organization","name":"Kenda Farben","url":"https:\/\/www.kendafarben.com\/it\/","logo":{"@type":"ImageObject","inLanguage":"it-IT","@id":"https:\/\/www.kendafarben.com\/it\/#\/schema\/logo\/image\/","url":"http:\/\/www.kendafarben.com\/wp-content\/uploads\/2024\/05\/logo-kenda-farben.png","contentUrl":"http:\/\/www.kendafarben.com\/wp-content\/uploads\/2024\/05\/logo-kenda-farben.png","width":739,"height":300,"caption":"Kenda Farben"},"image":{"@id":"https:\/\/www.kendafarben.com\/it\/#\/schema\/logo\/image\/"}}]}},"meta_box":[],"_links":{"self":[{"href":"https:\/\/www.kendafarben.com\/it\/wp-json\/wp\/v2\/pages\/11499","targetHints":{"allow":["GET"]}}],"collection":[{"href":"https:\/\/www.kendafarben.com\/it\/wp-json\/wp\/v2\/pages"}],"about":[{"href":"https:\/\/www.kendafarben.com\/it\/wp-json\/wp\/v2\/types\/page"}],"author":[{"embeddable":true,"href":"https:\/\/www.kendafarben.com\/it\/wp-json\/wp\/v2\/users\/1"}],"replies":[{"embeddable":true,"href":"https:\/\/www.kendafarben.com\/it\/wp-json\/wp\/v2\/comments?post=11499"}],"version-history":[{"count":109,"href":"https:\/\/www.kendafarben.com\/it\/wp-json\/wp\/v2\/pages\/11499\/revisions"}],"predecessor-version":[{"id":15891,"href":"https:\/\/www.kendafarben.com\/it\/wp-json\/wp\/v2\/pages\/11499\/revisions\/15891"}],"wp:attachment":[{"href":"https:\/\/www.kendafarben.com\/it\/wp-json\/wp\/v2\/media?parent=11499"}],"curies":[{"name":"wp","href":"https:\/\/api.w.org\/{rel}","templated":true}]}}