{"id":11438,"date":"2024-05-09T10:32:02","date_gmt":"2024-05-09T08:32:02","guid":{"rendered":"https:\/\/www.kendafarben.com\/?page_id=11438"},"modified":"2025-02-11T17:21:08","modified_gmt":"2025-02-11T16:21:08","slug":"laboratori","status":"publish","type":"page","link":"https:\/\/www.kendafarben.com\/it\/laboratori\/","title":{"rendered":"Laboratori"},"content":{"rendered":"\t\t<div data-elementor-type=\"wp-page\" data-elementor-id=\"11438\" class=\"elementor elementor-11438\">\n\t\t\t\t\t\t<section class=\"elementor-section elementor-top-section elementor-element elementor-element-22ab396 elementor-section-full_width qodef-elementor-content-grid elementor-section-height-default elementor-section-height-default\" data-id=\"22ab396\" data-element_type=\"section\">\n\t\t\t\t\t\t<div class=\"elementor-container elementor-column-gap-default\">\n\t\t\t\t\t<div class=\"elementor-column elementor-col-100 elementor-top-column elementor-element elementor-element-81380ba\" data-id=\"81380ba\" data-element_type=\"column\">\n\t\t\t<div class=\"elementor-widget-wrap elementor-element-populated\">\n\t\t\t\t\t\t<div class=\"elementor-element elementor-element-511695d elementor-widget elementor-widget-cuthbert_core_image_gallery\" data-id=\"511695d\" data-element_type=\"widget\" data-widget_type=\"cuthbert_core_image_gallery.default\">\n\t\t\t\t<div class=\"elementor-widget-container\">\n\t\t\t\t\t<div class=\"qodef-shortcode qodef-m kf-simple qodef-image-gallery    qodef-grid qodef-layout--columns  qodef-gutter--normal qodef-col-num--2  qodef-responsive--predefined\">\r\n\t<div class=\"qodef-grid-inner clear\">\r\n\t\t<div class=\"qodef-e qodef-image-wrapper qodef-grid-item \">\r\n\t<div class=\"qodef-e-inner\">\r\n\r\n\t\t\r\n\t\t\t\t<img fetchpriority=\"high\" decoding=\"async\" width=\"1400\" height=\"855\" src=\"https:\/\/www.kendafarben.com\/wp-content\/uploads\/2024\/05\/laboratori_1_new.jpg\" class=\"attachment-full size-full\" alt=\"\" srcset=\"https:\/\/www.kendafarben.com\/wp-content\/uploads\/2024\/05\/laboratori_1_new.jpg 1400w, https:\/\/www.kendafarben.com\/wp-content\/uploads\/2024\/05\/laboratori_1_new-300x183.jpg 300w, https:\/\/www.kendafarben.com\/wp-content\/uploads\/2024\/05\/laboratori_1_new-1024x625.jpg 1024w, https:\/\/www.kendafarben.com\/wp-content\/uploads\/2024\/05\/laboratori_1_new-768x469.jpg 768w\" sizes=\"(max-width: 1400px) 100vw, 1400px\" \/>\r\n\t\t\t\t\r\n\t\t\t\r\n\t\t\t\t\t\t\t<div class=\"qodef-e-content\">\r\n\t\t\t\t\t<h6 itemprop=\"name\" class=\"qodef-e-title entry-title\">laboratori_1_new<\/h6>\r\n\t\t\t\t\t<div class=\"img-excerpt\"><\/div>\r\n\t\t\t\t\t<div class=\"img-content\"><\/div>\r\n\t\t\t\t<\/div>\r\n\t\t\t\r\n\t<\/div>\r\n<\/div><div class=\"qodef-e qodef-image-wrapper qodef-grid-item \">\r\n\t<div class=\"qodef-e-inner\">\r\n\r\n\t\t\r\n\t\t\t\t<img decoding=\"async\" width=\"1400\" height=\"855\" data-src=\"https:\/\/www.kendafarben.com\/wp-content\/uploads\/2024\/05\/laboratori_2_new.jpg\" class=\"attachment-full size-full lazyload\" alt=\"\" data-srcset=\"https:\/\/www.kendafarben.com\/wp-content\/uploads\/2024\/05\/laboratori_2_new.jpg 1400w, https:\/\/www.kendafarben.com\/wp-content\/uploads\/2024\/05\/laboratori_2_new-300x183.jpg 300w, https:\/\/www.kendafarben.com\/wp-content\/uploads\/2024\/05\/laboratori_2_new-1024x625.jpg 1024w, https:\/\/www.kendafarben.com\/wp-content\/uploads\/2024\/05\/laboratori_2_new-768x469.jpg 768w\" data-sizes=\"(max-width: 1400px) 100vw, 1400px\" src=\"data:image\/svg+xml;base64,PHN2ZyB3aWR0aD0iMSIgaGVpZ2h0PSIxIiB4bWxucz0iaHR0cDovL3d3dy53My5vcmcvMjAwMC9zdmciPjwvc3ZnPg==\" style=\"--smush-placeholder-width: 1400px; --smush-placeholder-aspect-ratio: 1400\/855;\" \/>\r\n\t\t\t\t\r\n\t\t\t\r\n\t\t\t\t\t\t\t<div class=\"qodef-e-content\">\r\n\t\t\t\t\t<h6 itemprop=\"name\" class=\"qodef-e-title entry-title\">laboratori_2_new<\/h6>\r\n\t\t\t\t\t<div class=\"img-excerpt\"><\/div>\r\n\t\t\t\t\t<div class=\"img-content\"><\/div>\r\n\t\t\t\t<\/div>\r\n\t\t\t\r\n\t<\/div>\r\n<\/div><div class=\"qodef-e qodef-image-wrapper qodef-grid-item \">\r\n\t<div class=\"qodef-e-inner\">\r\n\r\n\t\t\r\n\t\t\t\t<img decoding=\"async\" width=\"1400\" height=\"855\" data-src=\"https:\/\/www.kendafarben.com\/wp-content\/uploads\/2024\/05\/laboratori_4_new.jpg\" class=\"attachment-full size-full lazyload\" alt=\"\" data-srcset=\"https:\/\/www.kendafarben.com\/wp-content\/uploads\/2024\/05\/laboratori_4_new.jpg 1400w, https:\/\/www.kendafarben.com\/wp-content\/uploads\/2024\/05\/laboratori_4_new-300x183.jpg 300w, https:\/\/www.kendafarben.com\/wp-content\/uploads\/2024\/05\/laboratori_4_new-1024x625.jpg 1024w, https:\/\/www.kendafarben.com\/wp-content\/uploads\/2024\/05\/laboratori_4_new-768x469.jpg 768w\" data-sizes=\"(max-width: 1400px) 100vw, 1400px\" src=\"data:image\/svg+xml;base64,PHN2ZyB3aWR0aD0iMSIgaGVpZ2h0PSIxIiB4bWxucz0iaHR0cDovL3d3dy53My5vcmcvMjAwMC9zdmciPjwvc3ZnPg==\" style=\"--smush-placeholder-width: 1400px; --smush-placeholder-aspect-ratio: 1400\/855;\" \/>\r\n\t\t\t\t\r\n\t\t\t\r\n\t\t\t\t\t\t\t<div class=\"qodef-e-content\">\r\n\t\t\t\t\t<h6 itemprop=\"name\" class=\"qodef-e-title entry-title\">laboratori_4_new<\/h6>\r\n\t\t\t\t\t<div class=\"img-excerpt\"><\/div>\r\n\t\t\t\t\t<div class=\"img-content\"><\/div>\r\n\t\t\t\t<\/div>\r\n\t\t\t\r\n\t<\/div>\r\n<\/div><div class=\"qodef-e qodef-image-wrapper qodef-grid-item \">\r\n\t<div class=\"qodef-e-inner\">\r\n\r\n\t\t\r\n\t\t\t\t<img decoding=\"async\" width=\"1400\" height=\"855\" data-src=\"https:\/\/www.kendafarben.com\/wp-content\/uploads\/2024\/05\/laboratori_3_new.jpg\" class=\"attachment-full size-full lazyload\" alt=\"\" data-srcset=\"https:\/\/www.kendafarben.com\/wp-content\/uploads\/2024\/05\/laboratori_3_new.jpg 1400w, https:\/\/www.kendafarben.com\/wp-content\/uploads\/2024\/05\/laboratori_3_new-300x183.jpg 300w, https:\/\/www.kendafarben.com\/wp-content\/uploads\/2024\/05\/laboratori_3_new-1024x625.jpg 1024w, https:\/\/www.kendafarben.com\/wp-content\/uploads\/2024\/05\/laboratori_3_new-768x469.jpg 768w\" data-sizes=\"(max-width: 1400px) 100vw, 1400px\" src=\"data:image\/svg+xml;base64,PHN2ZyB3aWR0aD0iMSIgaGVpZ2h0PSIxIiB4bWxucz0iaHR0cDovL3d3dy53My5vcmcvMjAwMC9zdmciPjwvc3ZnPg==\" style=\"--smush-placeholder-width: 1400px; --smush-placeholder-aspect-ratio: 1400\/855;\" \/>\r\n\t\t\t\t\r\n\t\t\t\r\n\t\t\t\t\t\t\t<div class=\"qodef-e-content\">\r\n\t\t\t\t\t<h6 itemprop=\"name\" class=\"qodef-e-title entry-title\">laboratori_3_new<\/h6>\r\n\t\t\t\t\t<div class=\"img-excerpt\"><\/div>\r\n\t\t\t\t\t<div class=\"img-content\"><\/div>\r\n\t\t\t\t<\/div>\r\n\t\t\t\r\n\t<\/div>\r\n<\/div>\t<\/div>\r\n<\/div>\r\n\t\t\t\t<\/div>\n\t\t\t\t<\/div>\n\t\t\t\t\t<\/div>\n\t\t<\/div>\n\t\t\t\t\t<\/div>\n\t\t<\/section>\n\t\t\t\t<section class=\"elementor-section elementor-top-section elementor-element elementor-element-f9dcfcb elementor-section-full_width qodef-elementor-content-grid elementor-section-height-default elementor-section-height-default\" data-id=\"f9dcfcb\" data-element_type=\"section\">\n\t\t\t\t\t\t<div class=\"elementor-container elementor-column-gap-default\">\n\t\t\t\t\t<div class=\"elementor-column elementor-col-100 elementor-top-column elementor-element elementor-element-6524877\" data-id=\"6524877\" data-element_type=\"column\">\n\t\t\t<div class=\"elementor-widget-wrap elementor-element-populated\">\n\t\t\t\t\t\t<div class=\"elementor-element elementor-element-d9aa469 elementor-widget__width-initial elementor-widget elementor-widget-cuthbert_core_section_title\" data-id=\"d9aa469\" data-element_type=\"widget\" data-widget_type=\"cuthbert_core_section_title.default\">\n\t\t\t\t<div class=\"elementor-widget-container\">\n\t\t\t\t\t<div class=\"qodef-shortcode qodef-m  qodef-section-title qodef-alignment--left \">\r\n\t\t<h4 class=\"qodef-m-title\" >\r\n\t\t\t\t\tInnovazione e personalizzazione al tuo servizio\t\t\t<\/h4>\r\n\t\t<p class=\"qodef-m-text-area\" style=\"margin-top: 5px\">Kenda Farben attribuisce la massima importanza all\u2019attivit\u00e0 di ricerca e sviluppo, nonch\u00e9 alla personalizzazione dei prodotti per soddisfare le esigenze specifiche dei clienti nei settori calzaturiero, della pelletteria e degli espansi. Per far fronte a queste sfide, tre divisioni specializzate lavorano quotidianamente per garantire l\u2019eccellenza dei prodotti.<\/p>\r\n\t<\/div>\r\n\t\t\t\t<\/div>\n\t\t\t\t<\/div>\n\t\t\t\t<div class=\"elementor-element elementor-element-c8278b7 elementor-widget elementor-widget-text-editor\" data-id=\"c8278b7\" data-element_type=\"widget\" data-widget_type=\"text-editor.default\">\n\t\t\t\t<div class=\"elementor-widget-container\">\n\t\t\t\t\t\t\t\t\t<p>Innovazione continua<\/p><p>ll laboratorio R&amp;D \u00e8 un centro di eccellenza dedicato allo sviluppo di soluzioni innovative. Grazie alla esperienza e alla passione per la ricerca, \u00e8 in grado di creare prodotti su misura, ad alte prestazioni e rispettosi dell\u2019ambiente.<\/p><p>Qualit\u00e0 garantita<\/p><p>Ogni prodotto \u00e8 sottoposto a rigorosi controlli di qualit\u00e0 per assicurare la massima affidabilit\u00e0 e conformit\u00e0 agli standard pi\u00f9 elevati del settore.<\/p><p>Un partner affidabile<\/p><p>Un team di tecnici specializzati offre un supporto completo e personalizzato in ogni fase del processo produttivo, dalla scelta del prodotto pi\u00f9 adatto fino alla risoluzione di eventuali problematiche.<\/p><p>I nostri servizi includono<\/p><ul><li><strong>Consulenza tecnica personalizzata: <\/strong>Analisi dettagliata delle tue esigenze e sviluppo di soluzioni.<\/li><li><strong>Sviluppo di prodotti su misura:<\/strong> Progettazione e realizzazione di prodotti unici, rispondendo alle tue specifiche richieste.<\/li><li><strong>Formazione e assistenza tecnica:<\/strong> Trasferimento di competenze e supporto continuo per ottimizzare i tuoi processi.<\/li><li><strong>Ottimizzazione dei processi tecnici:<\/strong> Miglioramento dell\u2019efficienza e della produttivit\u00e0 attraverso l\u2019analisi e la riprogettazione dei processi<\/li><\/ul><p>Scegliendo Kenda Farben, scegli l\u2019innovazione, la qualit\u00e0 e la partnership.<\/p><p><a href=\"\/scrivici\">Contattaci<\/a> per scoprire come possiamo aiutarti a raggiungere i tuoi obiettivi<\/p>\t\t\t\t\t\t\t\t<\/div>\n\t\t\t\t<\/div>\n\t\t\t\t\t<\/div>\n\t\t<\/div>\n\t\t\t\t\t<\/div>\n\t\t<\/section>\n\t\t\t\t<\/div>\n\t\t","protected":false},"excerpt":{"rendered":"<p>laboratori_1_new laboratori_2_new laboratori_4_new laboratori_3_new Innovazione e personalizzazione al tuo servizio Kenda Farben attribuisce la massima importanza all\u2019attivit\u00e0 di ricerca e sviluppo, nonch\u00e9 alla personalizzazione dei prodotti per soddisfare le esigenze specifiche dei clienti nei settori calzaturiero, della pelletteria e degli espansi. Per far fronte a queste sfide, tre divisioni specializzate lavorano quotidianamente per garantire l\u2019eccellenza [&hellip;]<\/p>\n","protected":false},"author":1,"featured_media":0,"parent":0,"menu_order":0,"comment_status":"closed","ping_status":"closed","template":"page-full-width.php","meta":{"footnotes":""},"class_list":["post-11438","page","type-page","status-publish","hentry"],"yoast_head":"<!-- This site is optimized with the Yoast SEO plugin v25.6 - https:\/\/yoast.com\/wordpress\/plugins\/seo\/ -->\n<title>Laboratori - Kenda<\/title>\n<meta name=\"robots\" content=\"index, follow, max-snippet:-1, max-image-preview:large, max-video-preview:-1\" \/>\n<link rel=\"canonical\" href=\"https:\/\/www.kendafarben.com\/it\/laboratori\/\" \/>\n<script type=\"application\/ld+json\" class=\"yoast-schema-graph\">{\"@context\":\"https:\/\/schema.org\",\"@graph\":[{\"@type\":\"WebPage\",\"@id\":\"https:\/\/www.kendafarben.com\/it\/laboratori\/\",\"url\":\"https:\/\/www.kendafarben.com\/it\/laboratori\/\",\"name\":\"Laboratori - Kenda\",\"isPartOf\":{\"@id\":\"https:\/\/www.kendafarben.com\/it\/#website\"},\"primaryImageOfPage\":{\"@id\":\"https:\/\/www.kendafarben.com\/it\/laboratori\/#primaryimage\"},\"image\":{\"@id\":\"https:\/\/www.kendafarben.com\/it\/laboratori\/#primaryimage\"},\"thumbnailUrl\":\"https:\/\/www.kendafarben.com\/wp-content\/uploads\/2024\/05\/laboratori_1_new.jpg\",\"datePublished\":\"2024-05-09T08:32:02+00:00\",\"dateModified\":\"2025-02-11T16:21:08+00:00\",\"breadcrumb\":{\"@id\":\"https:\/\/www.kendafarben.com\/it\/laboratori\/#breadcrumb\"},\"inLanguage\":\"it-IT\",\"potentialAction\":[{\"@type\":\"ReadAction\",\"target\":[\"https:\/\/www.kendafarben.com\/it\/laboratori\/\"]}]},{\"@type\":\"ImageObject\",\"inLanguage\":\"it-IT\",\"@id\":\"https:\/\/www.kendafarben.com\/it\/laboratori\/#primaryimage\",\"url\":\"https:\/\/www.kendafarben.com\/wp-content\/uploads\/2024\/05\/laboratori_1_new.jpg\",\"contentUrl\":\"https:\/\/www.kendafarben.com\/wp-content\/uploads\/2024\/05\/laboratori_1_new.jpg\"},{\"@type\":\"BreadcrumbList\",\"@id\":\"https:\/\/www.kendafarben.com\/it\/laboratori\/#breadcrumb\",\"itemListElement\":[{\"@type\":\"ListItem\",\"position\":1,\"name\":\"Casa\",\"item\":\"https:\/\/www.kendafarben.com\/it\/\"},{\"@type\":\"ListItem\",\"position\":2,\"name\":\"Laboratori\"}]},{\"@type\":\"WebSite\",\"@id\":\"https:\/\/www.kendafarben.com\/it\/#website\",\"url\":\"https:\/\/www.kendafarben.com\/it\/\",\"name\":\"Kenda Farben\",\"description\":\"\",\"publisher\":{\"@id\":\"https:\/\/www.kendafarben.com\/it\/#organization\"},\"potentialAction\":[{\"@type\":\"SearchAction\",\"target\":{\"@type\":\"EntryPoint\",\"urlTemplate\":\"https:\/\/www.kendafarben.com\/it\/?s={search_term_string}\"},\"query-input\":{\"@type\":\"PropertyValueSpecification\",\"valueRequired\":true,\"valueName\":\"search_term_string\"}}],\"inLanguage\":\"it-IT\"},{\"@type\":\"Organization\",\"@id\":\"https:\/\/www.kendafarben.com\/it\/#organization\",\"name\":\"Kenda Farben\",\"url\":\"https:\/\/www.kendafarben.com\/it\/\",\"logo\":{\"@type\":\"ImageObject\",\"inLanguage\":\"it-IT\",\"@id\":\"https:\/\/www.kendafarben.com\/it\/#\/schema\/logo\/image\/\",\"url\":\"http:\/\/www.kendafarben.com\/wp-content\/uploads\/2024\/05\/logo-kenda-farben.png\",\"contentUrl\":\"http:\/\/www.kendafarben.com\/wp-content\/uploads\/2024\/05\/logo-kenda-farben.png\",\"width\":739,\"height\":300,\"caption\":\"Kenda Farben\"},\"image\":{\"@id\":\"https:\/\/www.kendafarben.com\/it\/#\/schema\/logo\/image\/\"}}]}<\/script>\n<!-- \/ Yoast SEO plugin. -->","yoast_head_json":{"title":"Laboratori - Kenda","robots":{"index":"index","follow":"follow","max-snippet":"max-snippet:-1","max-image-preview":"max-image-preview:large","max-video-preview":"max-video-preview:-1"},"canonical":"https:\/\/www.kendafarben.com\/it\/laboratori\/","schema":{"@context":"https:\/\/schema.org","@graph":[{"@type":"WebPage","@id":"https:\/\/www.kendafarben.com\/it\/laboratori\/","url":"https:\/\/www.kendafarben.com\/it\/laboratori\/","name":"Laboratori - Kenda","isPartOf":{"@id":"https:\/\/www.kendafarben.com\/it\/#website"},"primaryImageOfPage":{"@id":"https:\/\/www.kendafarben.com\/it\/laboratori\/#primaryimage"},"image":{"@id":"https:\/\/www.kendafarben.com\/it\/laboratori\/#primaryimage"},"thumbnailUrl":"https:\/\/www.kendafarben.com\/wp-content\/uploads\/2024\/05\/laboratori_1_new.jpg","datePublished":"2024-05-09T08:32:02+00:00","dateModified":"2025-02-11T16:21:08+00:00","breadcrumb":{"@id":"https:\/\/www.kendafarben.com\/it\/laboratori\/#breadcrumb"},"inLanguage":"it-IT","potentialAction":[{"@type":"ReadAction","target":["https:\/\/www.kendafarben.com\/it\/laboratori\/"]}]},{"@type":"ImageObject","inLanguage":"it-IT","@id":"https:\/\/www.kendafarben.com\/it\/laboratori\/#primaryimage","url":"https:\/\/www.kendafarben.com\/wp-content\/uploads\/2024\/05\/laboratori_1_new.jpg","contentUrl":"https:\/\/www.kendafarben.com\/wp-content\/uploads\/2024\/05\/laboratori_1_new.jpg"},{"@type":"BreadcrumbList","@id":"https:\/\/www.kendafarben.com\/it\/laboratori\/#breadcrumb","itemListElement":[{"@type":"ListItem","position":1,"name":"Casa","item":"https:\/\/www.kendafarben.com\/it\/"},{"@type":"ListItem","position":2,"name":"Laboratori"}]},{"@type":"WebSite","@id":"https:\/\/www.kendafarben.com\/it\/#website","url":"https:\/\/www.kendafarben.com\/it\/","name":"Kenda Farben","description":"","publisher":{"@id":"https:\/\/www.kendafarben.com\/it\/#organization"},"potentialAction":[{"@type":"SearchAction","target":{"@type":"EntryPoint","urlTemplate":"https:\/\/www.kendafarben.com\/it\/?s={search_term_string}"},"query-input":{"@type":"PropertyValueSpecification","valueRequired":true,"valueName":"search_term_string"}}],"inLanguage":"it-IT"},{"@type":"Organization","@id":"https:\/\/www.kendafarben.com\/it\/#organization","name":"Kenda Farben","url":"https:\/\/www.kendafarben.com\/it\/","logo":{"@type":"ImageObject","inLanguage":"it-IT","@id":"https:\/\/www.kendafarben.com\/it\/#\/schema\/logo\/image\/","url":"http:\/\/www.kendafarben.com\/wp-content\/uploads\/2024\/05\/logo-kenda-farben.png","contentUrl":"http:\/\/www.kendafarben.com\/wp-content\/uploads\/2024\/05\/logo-kenda-farben.png","width":739,"height":300,"caption":"Kenda Farben"},"image":{"@id":"https:\/\/www.kendafarben.com\/it\/#\/schema\/logo\/image\/"}}]}},"meta_box":[],"_links":{"self":[{"href":"https:\/\/www.kendafarben.com\/it\/wp-json\/wp\/v2\/pages\/11438","targetHints":{"allow":["GET"]}}],"collection":[{"href":"https:\/\/www.kendafarben.com\/it\/wp-json\/wp\/v2\/pages"}],"about":[{"href":"https:\/\/www.kendafarben.com\/it\/wp-json\/wp\/v2\/types\/page"}],"author":[{"embeddable":true,"href":"https:\/\/www.kendafarben.com\/it\/wp-json\/wp\/v2\/users\/1"}],"replies":[{"embeddable":true,"href":"https:\/\/www.kendafarben.com\/it\/wp-json\/wp\/v2\/comments?post=11438"}],"version-history":[{"count":35,"href":"https:\/\/www.kendafarben.com\/it\/wp-json\/wp\/v2\/pages\/11438\/revisions"}],"predecessor-version":[{"id":15744,"href":"https:\/\/www.kendafarben.com\/it\/wp-json\/wp\/v2\/pages\/11438\/revisions\/15744"}],"wp:attachment":[{"href":"https:\/\/www.kendafarben.com\/it\/wp-json\/wp\/v2\/media?parent=11438"}],"curies":[{"name":"wp","href":"https:\/\/api.w.org\/{rel}","templated":true}]}}